{"id":291,"date":"2019-02-09T09:39:17","date_gmt":"2019-02-09T09:39:17","guid":{"rendered":"https:\/\/vald.si\/en\/?page_id=291"},"modified":"2021-02-16T20:40:40","modified_gmt":"2021-02-16T19:40:40","slug":"kontakt","status":"publish","type":"page","link":"https:\/\/vald.si\/si\/kontakt\/","title":{"rendered":"KONTAKT"},"content":{"rendered":"\n<h3 class=\"wp-block-heading\">VALD d.o.o.<br>Bu\u010de\u010dovci 25<br>9242 Kri\u017eevci pri Ljutomeru, SI<\/h3>\n\n\n\n<p class=\"has-text-align-left\">M: +386 41 685 091<br>M: +386 31 893 263<br>T:   (02) 5 881 540<\/p>\n\n\n\n<p>F:   (02) 5 889 079<br>E:   vald@siol.net<br>W: www.vald.si<\/p>\n\n\n\n<p><\/p>\n","protected":false},"excerpt":{"rendered":"<p>VALD d.o.o.Bu\u010de\u010dovci 259242 Kri\u017eevci pri Ljutomeru, SI M: +386 41 685 091M: +386 31 893 263T: (02) 5 881 540 F: (02) 5 889 079E: vald@siol.netW: www.vald.si<\/p>\n","protected":false},"author":1,"featured_media":0,"parent":0,"menu_order":0,"comment_status":"closed","ping_status":"closed","template":"","meta":{"_mi_skip_tracking":false,"_monsterinsights_sitenote_active":false,"_monsterinsights_sitenote_note":"","_monsterinsights_sitenote_category":0,"footnotes":""},"aioseo_notices":[],"_links":{"self":[{"href":"https:\/\/vald.si\/si\/wp-json\/wp\/v2\/pages\/291"}],"collection":[{"href":"https:\/\/vald.si\/si\/wp-json\/wp\/v2\/pages"}],"about":[{"href":"https:\/\/vald.si\/si\/wp-json\/wp\/v2\/types\/page"}],"author":[{"embeddable":true,"href":"https:\/\/vald.si\/si\/wp-json\/wp\/v2\/users\/1"}],"replies":[{"embeddable":true,"href":"https:\/\/vald.si\/si\/wp-json\/wp\/v2\/comments?post=291"}],"version-history":[{"count":13,"href":"https:\/\/vald.si\/si\/wp-json\/wp\/v2\/pages\/291\/revisions"}],"predecessor-version":[{"id":979,"href":"https:\/\/vald.si\/si\/wp-json\/wp\/v2\/pages\/291\/revisions\/979"}],"wp:attachment":[{"href":"https:\/\/vald.si\/si\/wp-json\/wp\/v2\/media?parent=291"}],"curies":[{"name":"wp","href":"https:\/\/api.w.org\/{rel}","templated":true}]}}