{"id":210,"date":"2019-02-08T20:19:38","date_gmt":"2019-02-08T19:19:38","guid":{"rendered":"https:\/\/vald.si\/?page_id=210"},"modified":"2021-02-16T20:52:14","modified_gmt":"2021-02-16T19:52:14","slug":"zastopstvo","status":"publish","type":"page","link":"https:\/\/vald.si\/si\/zastopstvo\/","title":{"rendered":"TRGOVINA, DISTRIBUCIJA, ZASTOPANJE"},"content":{"rendered":"\n<h2 class=\"has-text-align-center wp-block-heading\" id=\"mce_0\">Zastopamo naslednja podjetja in blagovne znamke:<\/h2>\n\n\n\n<div style=\"height:100px\" aria-hidden=\"true\" class=\"wp-block-spacer\"><\/div>\n\n\n\n<div class=\"wp-block-columns is-layout-flex wp-container-2 wp-block-columns-is-layout-flex\">\n<div class=\"wp-block-column is-layout-flow wp-block-column-is-layout-flow\"><\/div>\n<\/div>\n\n\n\n<div class=\"wp-block-image is-style-default\"><figure class=\"aligncenter size-large is-resized\"><img decoding=\"async\" loading=\"lazy\" src=\"https:\/\/vald.si\/wp-content\/uploads\/2019\/02\/1280px-Rational_AG_201x_logo.svg_-1024x1024.png\" alt=\"\" class=\"wp-image-349\" width=\"207\" height=\"207\" srcset=\"https:\/\/vald.si\/wp-content\/uploads\/2019\/02\/1280px-Rational_AG_201x_logo.svg_-1024x1024.png 1024w, https:\/\/vald.si\/wp-content\/uploads\/2019\/02\/1280px-Rational_AG_201x_logo.svg_-150x150.png 150w, https:\/\/vald.si\/wp-content\/uploads\/2019\/02\/1280px-Rational_AG_201x_logo.svg_-300x300.png 300w, https:\/\/vald.si\/wp-content\/uploads\/2019\/02\/1280px-Rational_AG_201x_logo.svg_-768x768.png 768w, https:\/\/vald.si\/wp-content\/uploads\/2019\/02\/1280px-Rational_AG_201x_logo.svg_.png 1280w\" sizes=\"(max-width: 207px) 100vw, 207px\" \/><\/figure><\/div>\n\n\n\n<h2 class=\"has-text-align-center wp-block-heading\"><strong><em>RATIONALRATIONAL AG<\/em><\/strong><\/h2>\n\n\n\n<p class=\"has-text-align-center\">je najve\u010dji proizvajalec <strong>parnokonvekcijskih aparatov<\/strong> na svetu in vodilni v razvoju ter inovacijah \u017ee od leta 1976. RATIONAL profesionalna oprema se uporablja v vseh prvovrstnih kuhinjah sveta.<\/p>\n\n\n\n<div style=\"height:100px\" aria-hidden=\"true\" class=\"wp-block-spacer\"><\/div>\n\n\n\n<div class=\"wp-block-image is-style-default\"><figure class=\"aligncenter size-large is-resized\"><img decoding=\"async\" loading=\"lazy\" src=\"https:\/\/vald.si\/wp-content\/uploads\/2019\/02\/lincat-m.jpg\" alt=\"\" class=\"wp-image-356\" width=\"206\" height=\"206\" srcset=\"https:\/\/vald.si\/wp-content\/uploads\/2019\/02\/lincat-m.jpg 600w, https:\/\/vald.si\/wp-content\/uploads\/2019\/02\/lincat-m-150x150.jpg 150w, https:\/\/vald.si\/wp-content\/uploads\/2019\/02\/lincat-m-300x300.jpg 300w\" sizes=\"(max-width: 206px) 100vw, 206px\" \/><\/figure><\/div>\n\n\n\n<h2 class=\"has-text-align-center wp-block-heading\"><strong><em>LINCAT<\/em><\/strong><\/h2>\n\n\n\n<p class=\"has-text-align-center\">LINCAT LTD je eden vodilnih svetovnih <strong>proizvajalcev komercialne gostinske opreme<\/strong> iz Zdru\u017eenega kraljestva. Podjetje ustanovljeno leta 1971 vse do danes ostaja sinonim za zanesljivost izdelkov, kakovost izdelave ter prvovrstno tehni\u010dno podporo. Z razponom preko 450 izdelkov, Lincat izpolnjuje ve\u010dino potreb po gostinski opremi. Ponudba vklju\u010duje visoko u\u010dinkovite filtracijske cvrtnike, \u017eare, pe\u010dice, vitrine\u2026 Tehnolo\u0161ko dovr\u0161en proizvodni obrat z ra\u010dunalni\u0161ko podprtim na\u010drtovanjem sistemov ter najnovej\u0161o strojno opremo, je bil namensko zgrajen za dosledno izpolnjevanje najzahtevnej\u0161ih standardov pri izdelavi gostinske opreme.<\/p>\n\n\n\n<div style=\"height:100px\" aria-hidden=\"true\" class=\"wp-block-spacer\"><\/div>\n\n\n\n<div class=\"wp-block-image is-style-default\"><figure class=\"aligncenter size-large is-resized\"><img decoding=\"async\" loading=\"lazy\" src=\"https:\/\/vald.si\/wp-content\/uploads\/2019\/02\/CAGIF_LOGO_ARISTARCO.jpg\" alt=\"\" class=\"wp-image-352\" width=\"208\" height=\"208\" srcset=\"https:\/\/vald.si\/wp-content\/uploads\/2019\/02\/CAGIF_LOGO_ARISTARCO.jpg 368w, https:\/\/vald.si\/wp-content\/uploads\/2019\/02\/CAGIF_LOGO_ARISTARCO-150x150.jpg 150w, https:\/\/vald.si\/wp-content\/uploads\/2019\/02\/CAGIF_LOGO_ARISTARCO-300x300.jpg 300w\" sizes=\"(max-width: 208px) 100vw, 208px\" \/><\/figure><\/div>\n\n\n\n<h2 class=\"has-text-align-center wp-block-heading\"><strong><em>ARISTARCO <\/em><\/strong><\/h2>\n\n\n\n<p class=\"has-text-align-center\">Za\u010den\u0161i v letu 1950, se Aristarco SpA dandanes uvr\u0161\u010da med <strong>vodilne proizvajalce pomivalnih strojev za gostinstvo in hotelirstvo<\/strong> v Evropi. Razvojno naravnano podjetje svojim kupcem zagotavlja zanesljive, trpe\u017ene in u\u010dinkovite stroje, hkrati pa ohranja optimalno raven med kakovostjo in tr\u017eno vrednostjo svojih produktov.Aristarco &#8211; ustvarjen za pomivanje!<\/p>\n\n\n\n<div style=\"height:100px\" aria-hidden=\"true\" class=\"wp-block-spacer\"><\/div>\n\n\n\n<div class=\"wp-block-image is-style-default\"><figure class=\"aligncenter size-large is-resized\"><img decoding=\"async\" loading=\"lazy\" src=\"https:\/\/vald.si\/wp-content\/uploads\/2019\/02\/1530625530_76.png\" alt=\"\" class=\"wp-image-351\" width=\"205\" height=\"189\"\/><\/figure><\/div>\n\n\n\n<h2 class=\"has-text-align-center wp-block-heading\"><strong><em>FIMAR <\/em><\/strong><\/h2>\n\n\n\n<p class=\"has-text-align-center\">Za\u010detki podjetja iz Riminija segajo vse do leta 1974, pet let pozneje podjetje dobi svoje sedanje ime. Podjetje FIMAR SpA je danes priznano v Italiji, Evropi in svetu kot sinonim za zanesljive in tehnolo\u0161ko napredne izdelke. Proizvaja \u0161iroko paleto naprav in strojev, ki izpolnjujejo nenehno rasto\u010de potrebe velikih in malih restavracij, pa tudi barov, restavracij s hitro hrano ter vsakogar, ki za svoje delo potrebuje napreden, u\u010dinkovit, prakti\u010den in za vzdr\u017eevanje enostaven proizvod.<\/p>\n\n\n\n<div style=\"height:100px\" aria-hidden=\"true\" class=\"wp-block-spacer\"><\/div>\n\n\n\n<div class=\"wp-block-image is-style-default\"><figure class=\"aligncenter size-large is-resized\"><img decoding=\"async\" loading=\"lazy\" src=\"https:\/\/vald.si\/wp-content\/uploads\/2019\/02\/2018_5_23-5_21_59lllllllllllllllll-1024x1024.png\" alt=\"\" class=\"wp-image-350\" width=\"206\" height=\"206\" srcset=\"https:\/\/vald.si\/wp-content\/uploads\/2019\/02\/2018_5_23-5_21_59lllllllllllllllll-1024x1024.png 1024w, https:\/\/vald.si\/wp-content\/uploads\/2019\/02\/2018_5_23-5_21_59lllllllllllllllll-150x150.png 150w, https:\/\/vald.si\/wp-content\/uploads\/2019\/02\/2018_5_23-5_21_59lllllllllllllllll-300x300.png 300w, https:\/\/vald.si\/wp-content\/uploads\/2019\/02\/2018_5_23-5_21_59lllllllllllllllll-768x768.png 768w, https:\/\/vald.si\/wp-content\/uploads\/2019\/02\/2018_5_23-5_21_59lllllllllllllllll.png 1201w\" sizes=\"(max-width: 206px) 100vw, 206px\" \/><\/figure><\/div>\n\n\n\n<h2 class=\"has-text-align-center wp-block-heading\"><strong><em>HEMERSON<\/em><\/strong><\/h2>\n\n\n\n<p class=\"has-text-align-center\">HEMERSON SRLje vodilni italijanski proizvajalec<strong> profesionalnih pomivalnih strojev<\/strong> vi\u0161jega kakovostnega razreda z dolgo \u017eivljensko dobo in 3-letno garancijo. Revolucionarni sistem SAP (sistem \u010diste vode) zagotavlja popolno \u010disto vodo ob vsakem pomivanju. Garancija za vsakokratne ble\u0161\u010de\u010de rezultate.<\/p>\n\n\n\n<div style=\"height:100px\" aria-hidden=\"true\" class=\"wp-block-spacer\"><\/div>\n\n\n\n<div class=\"wp-block-image is-style-default\"><figure class=\"aligncenter size-large is-resized\"><img decoding=\"async\" loading=\"lazy\" src=\"https:\/\/vald.si\/wp-content\/uploads\/2019\/02\/NTF_Logo_Large2.png\" alt=\"\" class=\"wp-image-357\" width=\"207\" height=\"207\" srcset=\"https:\/\/vald.si\/wp-content\/uploads\/2019\/02\/NTF_Logo_Large2.png 470w, https:\/\/vald.si\/wp-content\/uploads\/2019\/02\/NTF_Logo_Large2-150x150.png 150w, https:\/\/vald.si\/wp-content\/uploads\/2019\/02\/NTF_Logo_Large2-300x300.png 300w\" sizes=\"(max-width: 207px) 100vw, 207px\" \/><\/figure><\/div>\n\n\n\n<h2 class=\"has-text-align-center wp-block-heading\"><strong><em>NTF<\/em><\/strong><\/h2>\n\n\n\n<p class=\"has-text-align-center\">Najrazli\u010dnej\u0161e vrste ledu, zanesljivost delovanja ter nizki stro\u0161ki vzdr\u017eevanja bodo prepri\u010dali \u0161e tako zahtevnega uporabnika.<strong> Ledomati <\/strong>znamke NTF veljajo za vrhunske aparate za pripravo ledu in so primerni tako za manj\u0161e lokale, diskoteke, restavracije, kot za hotele, bolni\u0161nice, ve\u010dje trgovske centre, \u017eivilsko industrijo&#8230; Zastopanost v ve\u010d kot 70-ih dr\u017eavah sveta, zagotovljena 3-letna garancija na vse modele ter servis v va\u0161i bli\u017eini, naj govorijo sami zase.<\/p>\n\n\n\n<div style=\"height:100px\" aria-hidden=\"true\" class=\"wp-block-spacer\"><\/div>\n\n\n\n<div class=\"wp-block-image is-style-default\"><figure class=\"aligncenter size-large is-resized\"><img decoding=\"async\" loading=\"lazy\" src=\"https:\/\/vald.si\/wp-content\/uploads\/2019\/02\/kogast-logo.png\" alt=\"\" class=\"wp-image-355\" width=\"207\" height=\"208\" srcset=\"https:\/\/vald.si\/wp-content\/uploads\/2019\/02\/kogast-logo.png 224w, https:\/\/vald.si\/wp-content\/uploads\/2019\/02\/kogast-logo-150x150.png 150w\" sizes=\"(max-width: 207px) 100vw, 207px\" \/><\/figure><\/div>\n\n\n\n<h2 class=\"has-text-align-center wp-block-heading\"><strong><em>KOGAST<\/em><\/strong><\/h2>\n\n\n\n<p class=\"has-text-align-center\">Podjetje KOGAST iz Grosuplja je eno vidnej\u0161ih podjetij na podro\u010dju <strong>izdelave gostinske opreme<\/strong> v Sloveniji. Vsa gostinska oprema je izdelana skladno z na\u010deli HACCP in testirana v skladu EN oz. IEC standardi. Kot dolgoletni poslovni partner in poobla\u0161\u010deni KOGAST serviser, vam ponujamo celovito paleto opreme za va\u0161o dejavnost.<\/p>\n\n\n\n<div style=\"height:100px\" aria-hidden=\"true\" class=\"wp-block-spacer\"><\/div>\n\n\n\n<div class=\"wp-block-image is-style-default\"><figure class=\"aligncenter size-large is-resized\"><img decoding=\"async\" loading=\"lazy\" src=\"https:\/\/vald.si\/wp-content\/uploads\/2019\/02\/kisspng-firex-srl-food-processing-business-logo-wok-logo-5b2f9ffc8e8608.0560982115298478045838.jpg\" alt=\"\" class=\"wp-image-354\" width=\"208\" height=\"208\" srcset=\"https:\/\/vald.si\/wp-content\/uploads\/2019\/02\/kisspng-firex-srl-food-processing-business-logo-wok-logo-5b2f9ffc8e8608.0560982115298478045838.jpg 850w, https:\/\/vald.si\/wp-content\/uploads\/2019\/02\/kisspng-firex-srl-food-processing-business-logo-wok-logo-5b2f9ffc8e8608.0560982115298478045838-150x150.jpg 150w, https:\/\/vald.si\/wp-content\/uploads\/2019\/02\/kisspng-firex-srl-food-processing-business-logo-wok-logo-5b2f9ffc8e8608.0560982115298478045838-300x300.jpg 300w, https:\/\/vald.si\/wp-content\/uploads\/2019\/02\/kisspng-firex-srl-food-processing-business-logo-wok-logo-5b2f9ffc8e8608.0560982115298478045838-768x768.jpg 768w\" sizes=\"(max-width: 208px) 100vw, 208px\" \/><\/figure><\/div>\n\n\n\n<h2 class=\"has-text-align-center wp-block-heading\"><strong><em>FIREX<\/em><\/strong><\/h2>\n\n\n\n<p>Lahko bi hvalili, da je podjetje FIREX sad 40 let izku\u0161enj, da ga upravlja profesionalno osebje, da so njihove tehnologije najbolj inovativne in da bo jutri\u0161nji dan bolj\u0161i in prijaznej\u0161i ravno zaradi njih, vendar o tem presodite sami. V ponudbi so predvsem<strong> profesionalni izdelki za pripravo hrane v ve\u010djih kuhinjah in \u017eivilski industriji<\/strong>. Med njimi najdemo ve\u010dje prekucne ponve, kotle z in brez vgrajenega me\u0161ala, s standardnim oz. autoclave sistemom kuhanja, ve\u010dnamenske kuhalnike in friteze.<\/p>\n\n\n\n<div style=\"height:100px\" aria-hidden=\"true\" class=\"wp-block-spacer\"><\/div>\n\n\n\n<div class=\"wp-block-image is-style-default\"><figure class=\"aligncenter size-large is-resized\"><img decoding=\"async\" loading=\"lazy\" src=\"https:\/\/vald.si\/wp-content\/uploads\/2019\/02\/girarrosti-cb-bottanuco-002.jpg\" alt=\"\" class=\"wp-image-353\" width=\"206\" height=\"206\" srcset=\"https:\/\/vald.si\/wp-content\/uploads\/2019\/02\/girarrosti-cb-bottanuco-002.jpg 250w, https:\/\/vald.si\/wp-content\/uploads\/2019\/02\/girarrosti-cb-bottanuco-002-150x150.jpg 150w\" sizes=\"(max-width: 206px) 100vw, 206px\" \/><\/figure><\/div>\n\n\n\n<h2 class=\"has-text-align-center wp-block-heading\"><strong><em>CB<\/em><\/strong><\/h2>\n\n\n\n<p class=\"has-text-align-center\">45-letna tradijica v pripravi hrustljavih, zlato zape\u010denih pi\u0161\u010dancev. Izdelki italijanskega podjetja CB vodijo v sam evropski vrh tako po kakovosti kot po prodaji nabodal za pi\u0161\u010dance, <strong>profesionalnih elektri\u010dnih in plinskih pe\u010di za pi\u0161\u010dance, \u017earov, pe\u010di za pizze<\/strong> in ostale kulinari\u010dne dobrote. Privla\u010dno tako za manj\u0161e restavracije, &#8220;cateringe&#8221;, kot za velike trgovske centre z gostinsko ponudbo.<\/p>\n\n\n\n<div style=\"height:100px\" aria-hidden=\"true\" class=\"wp-block-spacer\"><\/div>\n\n\n\n<div class=\"wp-block-image is-style-default\"><figure class=\"aligncenter size-large is-resized\"><img decoding=\"async\" loading=\"lazy\" src=\"https:\/\/vald.si\/wp-content\/uploads\/2019\/02\/prenos.jpg\" alt=\"\" class=\"wp-image-358\" width=\"206\" height=\"206\" srcset=\"https:\/\/vald.si\/wp-content\/uploads\/2019\/02\/prenos.jpg 422w, https:\/\/vald.si\/wp-content\/uploads\/2019\/02\/prenos-150x150.jpg 150w, https:\/\/vald.si\/wp-content\/uploads\/2019\/02\/prenos-300x300.jpg 300w\" sizes=\"(max-width: 206px) 100vw, 206px\" \/><\/figure><\/div>\n\n\n\n<h2 class=\"has-text-align-center wp-block-heading\"><strong><em>VALKO<\/em><\/strong><\/h2>\n\n\n\n<p class=\"has-text-align-center\">Tehnologije <strong>vakuumskega pakiranja hrane<\/strong> izpolnjujejo stroge zahteve restavracij in prodaje na drobno. Paleto vakuumskih pakirnih strojev VALKO dopolnjuje s toplotnimi in zavijalnimi pakirnimi stroji izdelanimi iz kakovostnih materialov. Ponuja tudi vakuumske vre\u010dke, pakirne folije in pladnje razli\u010dnih dimenzij.<\/p>\n\n\n\n<p><\/p>\n","protected":false},"excerpt":{"rendered":"<p>Zastopamo naslednja podjetja in blagovne znamke: RATIONALRATIONAL AG je najve\u010dji proizvajalec parnokonvekcijskih aparatov na svetu in vodilni v razvoju ter inovacijah \u017ee od leta 1976. RATIONAL profesionalna oprema se uporablja v vseh prvovrstnih kuhinjah sveta. LINCAT LINCAT LTD je eden vodilnih svetovnih proizvajalcev komercialne gostinske opreme iz Zdru\u017eenega kraljestva. Podjetje ustanovljeno leta 1971 vse do<\/p>\n<div><a class=\"btn-filled btn\" href=\"https:\/\/vald.si\/si\/zastopstvo\/\" title=\"TRGOVINA, DISTRIBUCIJA, ZASTOPANJE\">Read More<\/a><\/div>\n","protected":false},"author":1,"featured_media":0,"parent":0,"menu_order":0,"comment_status":"closed","ping_status":"closed","template":"elementor_theme","meta":{"_mi_skip_tracking":false,"_monsterinsights_sitenote_active":false,"_monsterinsights_sitenote_note":"","_monsterinsights_sitenote_category":0,"footnotes":""},"aioseo_notices":[],"_links":{"self":[{"href":"https:\/\/vald.si\/si\/wp-json\/wp\/v2\/pages\/210"}],"collection":[{"href":"https:\/\/vald.si\/si\/wp-json\/wp\/v2\/pages"}],"about":[{"href":"https:\/\/vald.si\/si\/wp-json\/wp\/v2\/types\/page"}],"author":[{"embeddable":true,"href":"https:\/\/vald.si\/si\/wp-json\/wp\/v2\/users\/1"}],"replies":[{"embeddable":true,"href":"https:\/\/vald.si\/si\/wp-json\/wp\/v2\/comments?post=210"}],"version-history":[{"count":21,"href":"https:\/\/vald.si\/si\/wp-json\/wp\/v2\/pages\/210\/revisions"}],"predecessor-version":[{"id":941,"href":"https:\/\/vald.si\/si\/wp-json\/wp\/v2\/pages\/210\/revisions\/941"}],"wp:attachment":[{"href":"https:\/\/vald.si\/si\/wp-json\/wp\/v2\/media?parent=210"}],"curies":[{"name":"wp","href":"https:\/\/api.w.org\/{rel}","templated":true}]}}