{"id":184,"date":"2019-02-08T19:05:44","date_gmt":"2019-02-08T18:05:44","guid":{"rendered":"https:\/\/vald.si\/?page_id=184"},"modified":"2021-02-16T21:11:40","modified_gmt":"2021-02-16T20:11:40","slug":"storitve","status":"publish","type":"page","link":"https:\/\/vald.si\/si\/storitve\/","title":{"rendered":"STORITVE"},"content":{"rendered":"\n<div style=\"height:30px\" aria-hidden=\"true\" class=\"wp-block-spacer\"><\/div>\n\n\n\n<h3 class=\"wp-block-heading\">SVETOVANJE<\/h3>\n\n\n\n<p>V podjetju se trudimo, da smo Vam na razpolago takrat, ko nas potrebujete.  Pomagali  vam bomo pri vpra\u0161anjih glede izbire primerne opreme, optimalne postavitve opreme in priklju\u010dkov ter pri re\u0161evanju drugih prakti\u010dnih problemov.V primeru, da potrebujete nasvet se oglasite pri nas, z veseljem Vas bomo sprejeli. <\/p>\n\n\n\n<div style=\"height:30px\" aria-hidden=\"true\" class=\"wp-block-spacer\"><\/div>\n\n\n\n<h3 class=\"wp-block-heading\">PROJEKTNI IN\u017dENIRING<\/h3>\n\n\n\n<p>Na\u010drtujemo in pripravimo dokumentacijo za realizacijo va\u0161e ideje in va\u0161ih zahtev. Vodimo izvedbo potrebnih aktivnosti vse do predaje objekta ter zagotavljamo vzdr\u017eevanje in tehni\u010dno podporo za vgrajeno opremo po kon\u010dani izvedbi.<\/p>\n\n\n\n<p>Za vas opravimo:<\/p>\n\n\n\n<p>Na\u010drtovanje postavitve potrebnih mikrolokacijskih priklju\u010dkov in opreme<\/p>\n\n\n\n<p>Kompletno (na klju\u010d) opremljanje objektov kot so ve\u010dje kuhinje s pripadajo\u010dimi prostori, delilne linije, posebni obrati za ravnanje z \u017eivili, skladi\u0161\u010da z \u017eivili, hladilnice ipd.<\/p>\n\n\n\n<p>Hitro servisiranje po\u0161kodovane opreme.<\/p>\n\n\n\n<div style=\"height:30px\" aria-hidden=\"true\" class=\"wp-block-spacer\"><\/div>\n\n\n\n<h3 class=\"wp-block-heading\">PRODAJA GOSTINSKIH ARTIKLOV<\/h3>\n\n\n\n<p>V okviru prodaje na debelo vam ponujamo kuhinjsko in gastronorm posodo, steklovino, pribor vseh vrst, garniture, no\u017ee, dekoracije, papirno galanterijo, \u010distila, razne aparate in opremo.<\/p>\n\n\n\n<div style=\"height:20px\" aria-hidden=\"true\" class=\"wp-block-spacer\"><\/div>\n\n\n\n<div class=\"wp-block-image\"><figure class=\"aligncenter size-large\"><img decoding=\"async\" loading=\"lazy\" width=\"1024\" height=\"683\" src=\"https:\/\/vald.si\/wp-content\/uploads\/2021\/02\/oprema_mala1-1024x683.jpg\" alt=\"\" class=\"wp-image-852\" srcset=\"https:\/\/vald.si\/wp-content\/uploads\/2021\/02\/oprema_mala1-1024x683.jpg 1024w, https:\/\/vald.si\/wp-content\/uploads\/2021\/02\/oprema_mala1-300x200.jpg 300w, https:\/\/vald.si\/wp-content\/uploads\/2021\/02\/oprema_mala1-768x512.jpg 768w, https:\/\/vald.si\/wp-content\/uploads\/2021\/02\/oprema_mala1-1536x1024.jpg 1536w, https:\/\/vald.si\/wp-content\/uploads\/2021\/02\/oprema_mala1.jpg 1800w\" sizes=\"(max-width: 1024px) 100vw, 1024px\" \/><figcaption><br><\/figcaption><\/figure><\/div>\n","protected":false},"excerpt":{"rendered":"<p>SVETOVANJE V podjetju se trudimo, da smo Vam na razpolago takrat, ko nas potrebujete. Pomagali vam bomo pri vpra\u0161anjih glede izbire primerne opreme, optimalne postavitve opreme in priklju\u010dkov ter pri re\u0161evanju drugih prakti\u010dnih problemov.V primeru, da potrebujete nasvet se oglasite pri nas, z veseljem Vas bomo sprejeli. PROJEKTNI IN\u017dENIRING Na\u010drtujemo in pripravimo dokumentacijo za realizacijo<\/p>\n<div><a class=\"btn-filled btn\" href=\"https:\/\/vald.si\/si\/storitve\/\" title=\"STORITVE\">Read More<\/a><\/div>\n","protected":false},"author":1,"featured_media":0,"parent":0,"menu_order":0,"comment_status":"closed","ping_status":"closed","template":"","meta":{"_mi_skip_tracking":false,"_monsterinsights_sitenote_active":false,"_monsterinsights_sitenote_note":"","_monsterinsights_sitenote_category":0,"footnotes":""},"aioseo_notices":[],"_links":{"self":[{"href":"https:\/\/vald.si\/si\/wp-json\/wp\/v2\/pages\/184"}],"collection":[{"href":"https:\/\/vald.si\/si\/wp-json\/wp\/v2\/pages"}],"about":[{"href":"https:\/\/vald.si\/si\/wp-json\/wp\/v2\/types\/page"}],"author":[{"embeddable":true,"href":"https:\/\/vald.si\/si\/wp-json\/wp\/v2\/users\/1"}],"replies":[{"embeddable":true,"href":"https:\/\/vald.si\/si\/wp-json\/wp\/v2\/comments?post=184"}],"version-history":[{"count":26,"href":"https:\/\/vald.si\/si\/wp-json\/wp\/v2\/pages\/184\/revisions"}],"predecessor-version":[{"id":981,"href":"https:\/\/vald.si\/si\/wp-json\/wp\/v2\/pages\/184\/revisions\/981"}],"wp:attachment":[{"href":"https:\/\/vald.si\/si\/wp-json\/wp\/v2\/media?parent=184"}],"curies":[{"name":"wp","href":"https:\/\/api.w.org\/{rel}","templated":true}]}}