{"id":25,"date":"2018-04-09T22:36:19","date_gmt":"2018-04-09T21:36:19","guid":{"rendered":"https:\/\/vald.si\/?page_id=25"},"modified":"2021-02-17T12:07:03","modified_gmt":"2021-02-17T11:07:03","slug":"kdo-smo","status":"publish","type":"page","link":"https:\/\/vald.si\/de\/kdo-smo\/","title":{"rendered":"\u00dcBER UNS"},"content":{"rendered":"\n<div style=\"height:100px\" aria-hidden=\"true\" class=\"wp-block-spacer\"><\/div>\n\n\n\n<p>VALD ist ein im Jahre 1998 gegr\u00fcndetes Familienunternehmen, dessen Gesch\u00e4ftst\u00e4tigkeit der Vertrieb und eigene Produktion der Ausstattung aus Edelstahl f\u00fcr Gastronomie und Lebensmittelverarbeitungsindustrie auf Anfrage ist. Mit der breiten Referenzpalette unserer Produkte und Dienstleistungen, werden weitl\u00e4ufig sowohl der slowenische Markt wie auch der Bedarf unserer Kunden im Ausland gedeckt.<\/p>\n\n\n\n<div style=\"height:100px\" aria-hidden=\"true\" class=\"wp-block-spacer\"><\/div>\n\n\n\n<div class=\"wp-block-image is-style-default\"><figure class=\"aligncenter size-large\"><img decoding=\"async\" loading=\"lazy\" width=\"1024\" height=\"576\" src=\"https:\/\/vald.si\/wp-content\/uploads\/2021\/02\/vald-1024x576.jpg\" alt=\"\" class=\"wp-image-853\" srcset=\"https:\/\/vald.si\/wp-content\/uploads\/2021\/02\/vald-1024x576.jpg 1024w, https:\/\/vald.si\/wp-content\/uploads\/2021\/02\/vald-300x169.jpg 300w, https:\/\/vald.si\/wp-content\/uploads\/2021\/02\/vald-768x432.jpg 768w, https:\/\/vald.si\/wp-content\/uploads\/2021\/02\/vald-1536x864.jpg 1536w, https:\/\/vald.si\/wp-content\/uploads\/2021\/02\/vald-2048x1152.jpg 2048w, https:\/\/vald.si\/wp-content\/uploads\/2021\/02\/vald-1140x641.jpg 1140w, https:\/\/vald.si\/wp-content\/uploads\/2021\/02\/vald-720x405.jpg 720w\" sizes=\"(max-width: 1024px) 100vw, 1024px\" \/><\/figure><\/div>\n\n\n\n<div style=\"height:100px\" aria-hidden=\"true\" class=\"wp-block-spacer\"><\/div>\n\n\n\n<h2 class=\"wp-block-heading\">GESCH\u00c4FTST\u00c4TIGKEIT<\/h2>\n\n\n\n<p>In erster Linie nimmt unser Unternehmen die Beratung, Planung und Aufstellung professioneller Restaurantk\u00fcchen mit Ausgabelinien sowie andere individuelle L\u00f6sungen in Gastronomie und Lebensmittelindustrie vertreten (Fleischereien, Schl\u00e4chtereien) vor.Unsere gro\u00dfe Auswahl von individuellen ma\u00dfgefertigten Produkten umfasst unter anderem: Schanktische, neutrale Elemente, Selbstbedienungslinien, Servierwagen, Bodensiphons, Sp\u00fclbecken, Regalw\u00e4nde, Schl\u00e4chtereiwagen, Garderobenschr\u00e4nke und anderes mehr. Auf Grund unserer Kenntnisse und unserer bisherigen Erfahrungen verpflichten wir uns in erster Linie die Erwartungen aller und jedes einzelnen unseren Kunden zu erf\u00fcllen. Dabei legen wir gro\u00dfen Wert auf hohe Qualit\u00e4t unserer Produkte, konkurrenzf\u00e4hige Preise, p\u00fcnktliche Lieferung und stetige firminterne Verbesserungen.<\/p>\n\n\n\t\t<div data-elementor-type=\"page\" data-elementor-id=\"954\" class=\"elementor elementor-954\">\n\t\t\t\t\t\t\t\t\t<section class=\"elementor-section elementor-top-section elementor-element elementor-element-2ccbec8d elementor-section-full_width elementor-section-height-default elementor-section-height-default\" data-id=\"2ccbec8d\" data-element_type=\"section\" data-settings=\"{&quot;shape_divider_top&quot;:&quot;mountains&quot;,&quot;shape_divider_bottom&quot;:&quot;mountains&quot;}\">\n\t\t\t\t\t\t\t<div class=\"elementor-background-overlay\"><\/div>\n\t\t\t\t\t\t<div class=\"elementor-shape elementor-shape-top\" data-negative=\"false\">\n\t\t\t<svg xmlns=\"http:\/\/www.w3.org\/2000\/svg\" viewBox=\"0 0 1000 100\" preserveAspectRatio=\"none\">\n\t<path class=\"elementor-shape-fill\" opacity=\"0.33\" d=\"M473,67.3c-203.9,88.3-263.1-34-320.3,0C66,119.1,0,59.7,0,59.7V0h1000v59.7 c0,0-62.1,26.1-94.9,29.3c-32.8,3.3-62.8-12.3-75.8-22.1C806,49.6,745.3,8.7,694.9,4.7S492.4,59,473,67.3z\"\/>\n\t<path class=\"elementor-shape-fill\" opacity=\"0.66\" d=\"M734,67.3c-45.5,0-77.2-23.2-129.1-39.1c-28.6-8.7-150.3-10.1-254,39.1 s-91.7-34.4-149.2,0C115.7,118.3,0,39.8,0,39.8V0h1000v36.5c0,0-28.2-18.5-92.1-18.5C810.2,18.1,775.7,67.3,734,67.3z\"\/>\n\t<path class=\"elementor-shape-fill\" d=\"M766.1,28.9c-200-57.5-266,65.5-395.1,19.5C242,1.8,242,5.4,184.8,20.6C128,35.8,132.3,44.9,89.9,52.5C28.6,63.7,0,0,0,0 h1000c0,0-9.9,40.9-83.6,48.1S829.6,47,766.1,28.9z\"\/>\n<\/svg>\t\t<\/div>\n\t\t\t\t<div class=\"elementor-shape elementor-shape-bottom\" data-negative=\"false\">\n\t\t\t<svg xmlns=\"http:\/\/www.w3.org\/2000\/svg\" viewBox=\"0 0 1000 100\" preserveAspectRatio=\"none\">\n\t<path class=\"elementor-shape-fill\" opacity=\"0.33\" d=\"M473,67.3c-203.9,88.3-263.1-34-320.3,0C66,119.1,0,59.7,0,59.7V0h1000v59.7 c0,0-62.1,26.1-94.9,29.3c-32.8,3.3-62.8-12.3-75.8-22.1C806,49.6,745.3,8.7,694.9,4.7S492.4,59,473,67.3z\"\/>\n\t<path class=\"elementor-shape-fill\" opacity=\"0.66\" d=\"M734,67.3c-45.5,0-77.2-23.2-129.1-39.1c-28.6-8.7-150.3-10.1-254,39.1 s-91.7-34.4-149.2,0C115.7,118.3,0,39.8,0,39.8V0h1000v36.5c0,0-28.2-18.5-92.1-18.5C810.2,18.1,775.7,67.3,734,67.3z\"\/>\n\t<path class=\"elementor-shape-fill\" d=\"M766.1,28.9c-200-57.5-266,65.5-395.1,19.5C242,1.8,242,5.4,184.8,20.6C128,35.8,132.3,44.9,89.9,52.5C28.6,63.7,0,0,0,0 h1000c0,0-9.9,40.9-83.6,48.1S829.6,47,766.1,28.9z\"\/>\n<\/svg>\t\t<\/div>\n\t\t\t\t\t<div class=\"elementor-container elementor-column-gap-default\">\n\t\t\t\t\t<div class=\"elementor-column elementor-col-100 elementor-top-column elementor-element elementor-element-aae1a5e\" data-id=\"aae1a5e\" data-element_type=\"column\">\n\t\t\t<div class=\"elementor-widget-wrap\">\n\t\t\t\t\t\t\t\t\t<\/div>\n\t\t<\/div>\n\t\t\t\t\t\t\t<\/div>\n\t\t<\/section>\n\t\t\t\t<section class=\"elementor-section elementor-top-section elementor-element elementor-element-350321e4 elementor-section-content-middle elementor-reverse-mobile elementor-section-boxed elementor-section-height-default elementor-section-height-default\" data-id=\"350321e4\" data-element_type=\"section\" id=\"contact\">\n\t\t\t\t\t\t<div class=\"elementor-container elementor-column-gap-no\">\n\t\t\t\t\t<div class=\"elementor-column elementor-col-50 elementor-top-column elementor-element elementor-element-3865e504\" data-id=\"3865e504\" data-element_type=\"column\">\n\t\t\t<div class=\"elementor-widget-wrap elementor-element-populated\">\n\t\t\t\t\t\t\t\t<div class=\"elementor-element elementor-element-51e6dba0 elementor-widget elementor-widget-google_maps\" data-id=\"51e6dba0\" data-element_type=\"widget\" data-widget_type=\"google_maps.default\">\n\t\t\t\t<div class=\"elementor-widget-container\">\n\t\t\t<style>\/*! elementor - v3.16.0 - 13-09-2023 *\/\n.elementor-widget-google_maps .elementor-widget-container{overflow:hidden}.elementor-widget-google_maps .elementor-custom-embed{line-height:0}.elementor-widget-google_maps iframe{height:300px}<\/style>\t\t<div class=\"elementor-custom-embed\">\n\t\t\t<iframe loading=\"lazy\"\n\t\t\t\t\tsrc=\"https:\/\/maps.google.com\/maps?q=Bu%C4%8De%C4%8Dovci%2025%2C%209242%20KRI%C5%BDEVCI%20PRI%20LJUTOMERUm&#038;t=m&#038;z=14&#038;output=embed&#038;iwloc=near\"\n\t\t\t\t\ttitle=\"Bu\u010de\u010dovci 25, 9242 KRI\u017dEVCI PRI LJUTOMERUm\"\n\t\t\t\t\taria-label=\"Bu\u010de\u010dovci 25, 9242 KRI\u017dEVCI PRI LJUTOMERUm\"\n\t\t\t><\/iframe>\n\t\t<\/div>\n\t\t\t\t<\/div>\n\t\t\t\t<\/div>\n\t\t\t\t\t<\/div>\n\t\t<\/div>\n\t\t\t\t<div class=\"elementor-column elementor-col-50 elementor-top-column elementor-element elementor-element-27dcc5eb\" data-id=\"27dcc5eb\" data-element_type=\"column\">\n\t\t\t<div class=\"elementor-widget-wrap elementor-element-populated\">\n\t\t\t\t\t\t\t\t<div class=\"elementor-element elementor-element-42ac99c elementor-widget elementor-widget-heading\" data-id=\"42ac99c\" data-element_type=\"widget\" data-widget_type=\"heading.default\">\n\t\t\t\t<div class=\"elementor-widget-container\">\n\t\t\t<style>\/*! elementor - v3.16.0 - 13-09-2023 *\/\n.elementor-heading-title{padding:0;margin:0;line-height:1}.elementor-widget-heading .elementor-heading-title[class*=elementor-size-]>a{color:inherit;font-size:inherit;line-height:inherit}.elementor-widget-heading .elementor-heading-title.elementor-size-small{font-size:15px}.elementor-widget-heading .elementor-heading-title.elementor-size-medium{font-size:19px}.elementor-widget-heading .elementor-heading-title.elementor-size-large{font-size:29px}.elementor-widget-heading .elementor-heading-title.elementor-size-xl{font-size:39px}.elementor-widget-heading .elementor-heading-title.elementor-size-xxl{font-size:59px}<\/style><h4 class=\"elementor-heading-title elementor-size-default\">Information:<\/h4>\t\t<\/div>\n\t\t\t\t<\/div>\n\t\t\t\t<section class=\"elementor-section elementor-inner-section elementor-element elementor-element-7d28e4c9 elementor-section-boxed elementor-section-height-default elementor-section-height-default\" data-id=\"7d28e4c9\" data-element_type=\"section\">\n\t\t\t\t\t\t<div class=\"elementor-container elementor-column-gap-default\">\n\t\t\t\t\t<div class=\"elementor-column elementor-col-50 elementor-inner-column elementor-element elementor-element-422c37f9\" data-id=\"422c37f9\" data-element_type=\"column\">\n\t\t\t<div class=\"elementor-widget-wrap elementor-element-populated\">\n\t\t\t\t\t\t\t\t<div class=\"elementor-element elementor-element-4c87229a elementor-widget elementor-widget-heading\" data-id=\"4c87229a\" data-element_type=\"widget\" data-widget_type=\"heading.default\">\n\t\t\t\t<div class=\"elementor-widget-container\">\n\t\t\t<div class=\"elementor-heading-title elementor-size-default\">Standort<\/div>\t\t<\/div>\n\t\t\t\t<\/div>\n\t\t\t\t<div class=\"elementor-element elementor-element-203179a elementor-widget elementor-widget-text-editor\" data-id=\"203179a\" data-element_type=\"widget\" data-widget_type=\"text-editor.default\">\n\t\t\t\t<div class=\"elementor-widget-container\">\n\t\t\t<style>\/*! elementor - v3.16.0 - 13-09-2023 *\/\n.elementor-widget-text-editor.elementor-drop-cap-view-stacked .elementor-drop-cap{background-color:#69727d;color:#fff}.elementor-widget-text-editor.elementor-drop-cap-view-framed .elementor-drop-cap{color:#69727d;border:3px solid;background-color:transparent}.elementor-widget-text-editor:not(.elementor-drop-cap-view-default) .elementor-drop-cap{margin-top:8px}.elementor-widget-text-editor:not(.elementor-drop-cap-view-default) .elementor-drop-cap-letter{width:1em;height:1em}.elementor-widget-text-editor .elementor-drop-cap{float:left;text-align:center;line-height:1;font-size:50px}.elementor-widget-text-editor .elementor-drop-cap-letter{display:inline-block}<\/style>\t\t\t\t<p>Bu\u010de\u010dovci 25<br \/>9242 Kri\u017eevci pri Ljutomeru, SI<\/p>\t\t\t\t\t\t<\/div>\n\t\t\t\t<\/div>\n\t\t\t\t\t<\/div>\n\t\t<\/div>\n\t\t\t\t<div class=\"elementor-column elementor-col-50 elementor-inner-column elementor-element elementor-element-36bda199\" data-id=\"36bda199\" data-element_type=\"column\">\n\t\t\t<div class=\"elementor-widget-wrap elementor-element-populated\">\n\t\t\t\t\t\t\t\t<div class=\"elementor-element elementor-element-1010b89b elementor-widget elementor-widget-heading\" data-id=\"1010b89b\" data-element_type=\"widget\" data-widget_type=\"heading.default\">\n\t\t\t\t<div class=\"elementor-widget-container\">\n\t\t\t<div class=\"elementor-heading-title elementor-size-default\">kontakt<\/div>\t\t<\/div>\n\t\t\t\t<\/div>\n\t\t\t\t<div class=\"elementor-element elementor-element-10631964 elementor-widget elementor-widget-text-editor\" data-id=\"10631964\" data-element_type=\"widget\" data-widget_type=\"text-editor.default\">\n\t\t\t\t<div class=\"elementor-widget-container\">\n\t\t\t\t\t\t\t<p>Tel.: +386 (0) 2 588 15 40<\/p><p>Tel.: +386 (0) 41 685 091<\/p>\t\t\t\t\t\t<\/div>\n\t\t\t\t<\/div>\n\t\t\t\t<div class=\"elementor-element elementor-element-18eca174 elementor-widget elementor-widget-text-editor\" data-id=\"18eca174\" data-element_type=\"widget\" data-widget_type=\"text-editor.default\">\n\t\t\t\t<div class=\"elementor-widget-container\">\n\t\t\t\t\t\t\t<p>Email : vald@siol.net<\/p>\t\t\t\t\t\t<\/div>\n\t\t\t\t<\/div>\n\t\t\t\t\t<\/div>\n\t\t<\/div>\n\t\t\t\t\t\t\t<\/div>\n\t\t<\/section>\n\t\t\t\t<section class=\"elementor-section elementor-inner-section elementor-element elementor-element-58d48c2e elementor-section-boxed elementor-section-height-default elementor-section-height-default\" data-id=\"58d48c2e\" data-element_type=\"section\">\n\t\t\t\t\t\t<div class=\"elementor-container elementor-column-gap-default\">\n\t\t\t\t\t<div class=\"elementor-column elementor-col-50 elementor-inner-column elementor-element elementor-element-3769392c\" data-id=\"3769392c\" data-element_type=\"column\">\n\t\t\t<div class=\"elementor-widget-wrap elementor-element-populated\">\n\t\t\t\t\t\t\t\t<div class=\"elementor-element elementor-element-200e489e elementor-widget elementor-widget-heading\" data-id=\"200e489e\" data-element_type=\"widget\" data-widget_type=\"heading.default\">\n\t\t\t\t<div class=\"elementor-widget-container\">\n\t\t\t<div class=\"elementor-heading-title elementor-size-default\">Arbeitszeit<\/div>\t\t<\/div>\n\t\t\t\t<\/div>\n\t\t\t\t<div class=\"elementor-element elementor-element-a33817c elementor-widget elementor-widget-text-editor\" data-id=\"a33817c\" data-element_type=\"widget\" data-widget_type=\"text-editor.default\">\n\t\t\t\t<div class=\"elementor-widget-container\">\n\t\t\t\t\t\t\t<p>MON-FRE 07:00 &#8211; 15:00<\/p>\t\t\t\t\t\t<\/div>\n\t\t\t\t<\/div>\n\t\t\t\t<div class=\"elementor-element elementor-element-1022868c elementor-widget elementor-widget-text-editor\" data-id=\"1022868c\" data-element_type=\"widget\" data-widget_type=\"text-editor.default\">\n\t\t\t\t<div class=\"elementor-widget-container\">\n\t\t\t\t\t\t\t\t\t\t\t\t\t<\/div>\n\t\t\t\t<\/div>\n\t\t\t\t\t<\/div>\n\t\t<\/div>\n\t\t\t\t<div class=\"elementor-column elementor-col-50 elementor-inner-column elementor-element elementor-element-592366d8\" data-id=\"592366d8\" data-element_type=\"column\">\n\t\t\t<div class=\"elementor-widget-wrap\">\n\t\t\t\t\t\t\t\t\t<\/div>\n\t\t<\/div>\n\t\t\t\t\t\t\t<\/div>\n\t\t<\/section>\n\t\t\t\t\t<\/div>\n\t\t<\/div>\n\t\t\t\t\t\t\t<\/div>\n\t\t<\/section>\n\t\t\t\t\t\t\t<\/div>\n\t\t\n","protected":false},"excerpt":{"rendered":"<p>VALD ist ein im Jahre 1998 gegr\u00fcndetes Familienunternehmen, dessen Gesch\u00e4ftst\u00e4tigkeit der Vertrieb und eigene Produktion der Ausstattung aus Edelstahl f\u00fcr Gastronomie und Lebensmittelverarbeitungsindustrie auf Anfrage ist. Mit der breiten Referenzpalette unserer Produkte und Dienstleistungen, werden weitl\u00e4ufig sowohl der slowenische Markt wie auch der Bedarf unserer Kunden im Ausland gedeckt. GESCH\u00c4FTST\u00c4TIGKEIT In erster Linie nimmt unser<\/p>\n<div><a class=\"btn-filled btn\" href=\"https:\/\/vald.si\/de\/kdo-smo\/\" title=\"\u00dcBER UNS\">Weiterlesen<\/a><\/div>\n","protected":false},"author":1,"featured_media":0,"parent":0,"menu_order":0,"comment_status":"closed","ping_status":"closed","template":"","meta":{"_mi_skip_tracking":false,"_monsterinsights_sitenote_active":false,"_monsterinsights_sitenote_note":"","_monsterinsights_sitenote_category":0,"footnotes":""},"aioseo_notices":[],"_links":{"self":[{"href":"https:\/\/vald.si\/de\/wp-json\/wp\/v2\/pages\/25"}],"collection":[{"href":"https:\/\/vald.si\/de\/wp-json\/wp\/v2\/pages"}],"about":[{"href":"https:\/\/vald.si\/de\/wp-json\/wp\/v2\/types\/page"}],"author":[{"embeddable":true,"href":"https:\/\/vald.si\/de\/wp-json\/wp\/v2\/users\/1"}],"replies":[{"embeddable":true,"href":"https:\/\/vald.si\/de\/wp-json\/wp\/v2\/comments?post=25"}],"version-history":[{"count":22,"href":"https:\/\/vald.si\/de\/wp-json\/wp\/v2\/pages\/25\/revisions"}],"predecessor-version":[{"id":1028,"href":"https:\/\/vald.si\/de\/wp-json\/wp\/v2\/pages\/25\/revisions\/1028"}],"wp:attachment":[{"href":"https:\/\/vald.si\/de\/wp-json\/wp\/v2\/media?parent=25"}],"curies":[{"name":"wp","href":"https:\/\/api.w.org\/{rel}","templated":true}]}}