{"id":210,"date":"2019-02-08T20:19:38","date_gmt":"2019-02-08T19:19:38","guid":{"rendered":"https:\/\/vald.si\/?page_id=210"},"modified":"2021-02-16T20:52:14","modified_gmt":"2021-02-16T19:52:14","slug":"zastopstvo","status":"publish","type":"page","link":"https:\/\/vald.si\/de\/zastopstvo\/","title":{"rendered":"HANDEL, VERTRIEB, VERTRETUNG"},"content":{"rendered":"\n<h2 class=\"has-text-align-center wp-block-heading\" id=\"mce_0\">Wir vertreten folgende Unternehmen und WARENMARKEN:<\/h2>\n\n\n\n<div style=\"height:100px\" aria-hidden=\"true\" class=\"wp-block-spacer\"><\/div>\n\n\n\n<div class=\"wp-block-columns is-layout-flex wp-container-2 wp-block-columns-is-layout-flex\">\n<div class=\"wp-block-column is-layout-flow wp-block-column-is-layout-flow\"><\/div>\n<\/div>\n\n\n\n<div class=\"wp-block-image is-style-default\"><figure class=\"aligncenter size-large is-resized\"><img decoding=\"async\" loading=\"lazy\" src=\"https:\/\/vald.si\/wp-content\/uploads\/2019\/02\/1280px-Rational_AG_201x_logo.svg_-1024x1024.png\" alt=\"\" class=\"wp-image-349\" width=\"207\" height=\"207\" srcset=\"https:\/\/vald.si\/wp-content\/uploads\/2019\/02\/1280px-Rational_AG_201x_logo.svg_-1024x1024.png 1024w, https:\/\/vald.si\/wp-content\/uploads\/2019\/02\/1280px-Rational_AG_201x_logo.svg_-150x150.png 150w, https:\/\/vald.si\/wp-content\/uploads\/2019\/02\/1280px-Rational_AG_201x_logo.svg_-300x300.png 300w, https:\/\/vald.si\/wp-content\/uploads\/2019\/02\/1280px-Rational_AG_201x_logo.svg_-768x768.png 768w, https:\/\/vald.si\/wp-content\/uploads\/2019\/02\/1280px-Rational_AG_201x_logo.svg_.png 1280w\" sizes=\"(max-width: 207px) 100vw, 207px\" \/><\/figure><\/div>\n\n\n\n<h2 class=\"has-text-align-center wp-block-heading\"><strong><em>RATIONALRATIONAL AG<\/em><\/strong><\/h2>\n\n\n\n<p class=\"has-text-align-center\">Mit der Erfindung des Combi-D\u00e4mpfers 1976 hat RATIONAL die Gro\u00df- und Gewerbek\u00fcche von Grund auf ver\u00e4ndert. \u00dcber 450.000 RATIONAL Combi-D\u00e4mpfer im weltweiten Einsatz beweisen dies t\u00e4glich. Praktisch jedes zweite installierte Ger\u00e4t ist heute bereits ein RATIONAL.<\/p>\n\n\n\n<div style=\"height:100px\" aria-hidden=\"true\" class=\"wp-block-spacer\"><\/div>\n\n\n\n<div class=\"wp-block-image is-style-default\"><figure class=\"aligncenter size-large is-resized\"><img decoding=\"async\" loading=\"lazy\" src=\"https:\/\/vald.si\/wp-content\/uploads\/2019\/02\/lincat-m.jpg\" alt=\"\" class=\"wp-image-356\" width=\"206\" height=\"206\" srcset=\"https:\/\/vald.si\/wp-content\/uploads\/2019\/02\/lincat-m.jpg 600w, https:\/\/vald.si\/wp-content\/uploads\/2019\/02\/lincat-m-150x150.jpg 150w, https:\/\/vald.si\/wp-content\/uploads\/2019\/02\/lincat-m-300x300.jpg 300w\" sizes=\"(max-width: 206px) 100vw, 206px\" \/><\/figure><\/div>\n\n\n\n<h2 class=\"has-text-align-center wp-block-heading\"><strong><em>LINCAT<\/em><\/strong><\/h2>\n\n\n\n<p class=\"has-text-align-center\">LINCAT Ltd ist einer der weltweit f\u00fchrenden Hersteller von kommerzielle Catering-Ausr\u00fcstung. Mit einem umfangreichen Sortiment von rund 450 Produkte, erf\u00fcllt Lincat die meisten Grossk\u00fcchentechnik Bed\u00fcrfnisse. Es umfasst hohe Effizienz Filtration Friteusen, Grillplatten, Back\u00f6fen, Kombid\u00e4mpfer und Induktionskochfelder sowie Wasserkocher, W\u00e4rmeschr\u00e4nke und Lebensmittel Display Merchandisers.<\/p>\n\n\n\n<div style=\"height:100px\" aria-hidden=\"true\" class=\"wp-block-spacer\"><\/div>\n\n\n\n<div class=\"wp-block-image is-style-default\"><figure class=\"aligncenter size-large is-resized\"><img decoding=\"async\" loading=\"lazy\" src=\"https:\/\/vald.si\/wp-content\/uploads\/2019\/02\/CAGIF_LOGO_ARISTARCO.jpg\" alt=\"\" class=\"wp-image-352\" width=\"208\" height=\"208\" srcset=\"https:\/\/vald.si\/wp-content\/uploads\/2019\/02\/CAGIF_LOGO_ARISTARCO.jpg 368w, https:\/\/vald.si\/wp-content\/uploads\/2019\/02\/CAGIF_LOGO_ARISTARCO-150x150.jpg 150w, https:\/\/vald.si\/wp-content\/uploads\/2019\/02\/CAGIF_LOGO_ARISTARCO-300x300.jpg 300w\" sizes=\"(max-width: 208px) 100vw, 208px\" \/><\/figure><\/div>\n\n\n\n<h2 class=\"has-text-align-center wp-block-heading\"><strong><em>ARISTARCO <\/em><\/strong><\/h2>\n\n\n\n<p class=\"has-text-align-center\">ARISTARCO SpA wurde in 1950 gegr\u00fcndet. Heute z\u00e4hlt die Firma als einer der f\u00fchrenden Hersteller von Sp\u00fclmaschinen f\u00fcr die Gastronomie in ganz Europa. Aristarco produziert zuverl\u00e4ssige, robuste und effiziente Ger\u00e4te f\u00fcr seine Kunden und gleichzeitig garantiert ein ausgezeichnetes Niveau an Leistung und Service. Aristarco &#8211; kreiert zum Sp\u00fcllen!<\/p>\n\n\n\n<div style=\"height:100px\" aria-hidden=\"true\" class=\"wp-block-spacer\"><\/div>\n\n\n\n<div class=\"wp-block-image is-style-default\"><figure class=\"aligncenter size-large is-resized\"><img decoding=\"async\" loading=\"lazy\" src=\"https:\/\/vald.si\/wp-content\/uploads\/2019\/02\/1530625530_76.png\" alt=\"\" class=\"wp-image-351\" width=\"205\" height=\"189\"\/><\/figure><\/div>\n\n\n\n<h2 class=\"has-text-align-center wp-block-heading\"><strong><em>FIMAR <\/em><\/strong><\/h2>\n\n\n\n<p class=\"has-text-align-center\">Im Jahr 1979 wird in Rimini die Firma FIMAR SpA gegr\u00fcndet, die heute in Italien, Europa und weltweit als Begriff f\u00fcr zuverl\u00e4ssige und technologisch hoch entwickelte Produkte anerkannt ist. Das Unternehmen produziert eine breite Palette von Maschinen in verschiedenen Modellen, welche die immer st\u00e4rker wachsenden Anforderungen der gro\u00dfen und kleinen Gastronomie, aber auch Bars, Fast Food sowie alle diejenigen zufriedenstellen, welche f\u00fcr ihre Arbeit auf der Suche nach fortschrittlichen, effizienten, praktischen und pflegeleichten Produkten sind.<\/p>\n\n\n\n<div style=\"height:100px\" aria-hidden=\"true\" class=\"wp-block-spacer\"><\/div>\n\n\n\n<div class=\"wp-block-image is-style-default\"><figure class=\"aligncenter size-large is-resized\"><img decoding=\"async\" loading=\"lazy\" src=\"https:\/\/vald.si\/wp-content\/uploads\/2019\/02\/2018_5_23-5_21_59lllllllllllllllll-1024x1024.png\" alt=\"\" class=\"wp-image-350\" width=\"206\" height=\"206\" srcset=\"https:\/\/vald.si\/wp-content\/uploads\/2019\/02\/2018_5_23-5_21_59lllllllllllllllll-1024x1024.png 1024w, https:\/\/vald.si\/wp-content\/uploads\/2019\/02\/2018_5_23-5_21_59lllllllllllllllll-150x150.png 150w, https:\/\/vald.si\/wp-content\/uploads\/2019\/02\/2018_5_23-5_21_59lllllllllllllllll-300x300.png 300w, https:\/\/vald.si\/wp-content\/uploads\/2019\/02\/2018_5_23-5_21_59lllllllllllllllll-768x768.png 768w, https:\/\/vald.si\/wp-content\/uploads\/2019\/02\/2018_5_23-5_21_59lllllllllllllllll.png 1201w\" sizes=\"(max-width: 206px) 100vw, 206px\" \/><\/figure><\/div>\n\n\n\n<h2 class=\"has-text-align-center wp-block-heading\"><strong><em>HEMERSON<\/em><\/strong><\/h2>\n\n\n\n<p class=\"has-text-align-center\">HEMERSON SRL ist eine Firma, die sich auf die Herstellung und den Verkauf von professioneller Geschirrsp\u00fclmaschinen f\u00fcr den Gastronomiebereich spezialisiert hat. Seit ihrer Gr\u00fcndung in 1988 arbeitet Hemerson erfolgreich im Gastronomiegewerbe und ist sowohl f\u00fcr Kunden als auch H\u00e4ndler die optimale Qualit\u00e4t zu 360\u00b0 w\u00fcnschen ein guter, zuverl\u00e4ssiger Partner.<\/p>\n\n\n\n<div style=\"height:100px\" aria-hidden=\"true\" class=\"wp-block-spacer\"><\/div>\n\n\n\n<div class=\"wp-block-image is-style-default\"><figure class=\"aligncenter size-large is-resized\"><img decoding=\"async\" loading=\"lazy\" src=\"https:\/\/vald.si\/wp-content\/uploads\/2019\/02\/NTF_Logo_Large2.png\" alt=\"\" class=\"wp-image-357\" width=\"207\" height=\"207\" srcset=\"https:\/\/vald.si\/wp-content\/uploads\/2019\/02\/NTF_Logo_Large2.png 470w, https:\/\/vald.si\/wp-content\/uploads\/2019\/02\/NTF_Logo_Large2-150x150.png 150w, https:\/\/vald.si\/wp-content\/uploads\/2019\/02\/NTF_Logo_Large2-300x300.png 300w\" sizes=\"(max-width: 207px) 100vw, 207px\" \/><\/figure><\/div>\n\n\n\n<h2 class=\"has-text-align-center wp-block-heading\"><strong><em>NTF<\/em><\/strong><\/h2>\n\n\n\n<p class=\"has-text-align-center\">Allerhand Eissorten, Funktionssicherheit und niedrige Wartungskosten sind die entscheidenden Vorz\u00fcge, die jeden Benutzer, mag er auch noch so anspruchsvoll sein, \u00fcberzeugen werden. Die NTF Eisautomaten gelten als Spitzenger\u00e4te f\u00fcr die Eiserzeugung und eignen sich sowohl f\u00fcr kleinere Betriebe, Diskotheken, Restaurants wie auch f\u00fcr Hotels, Krankenh\u00e4user, gr\u00f6\u00dfere Handelszentren, Lebensmittelindustrie\u2026 Repr\u00e4sentierung in mehr als 70 Staaten der Welt, zugesicherte 3 Jahre Garantie auf alle Modelle und Kundendienst in Ihrer N\u00e4he sprechen f\u00fcr sich selbst.<\/p>\n\n\n\n<div style=\"height:100px\" aria-hidden=\"true\" class=\"wp-block-spacer\"><\/div>\n\n\n\n<div class=\"wp-block-image is-style-default\"><figure class=\"aligncenter size-large is-resized\"><img decoding=\"async\" loading=\"lazy\" src=\"https:\/\/vald.si\/wp-content\/uploads\/2019\/02\/kogast-logo.png\" alt=\"\" class=\"wp-image-355\" width=\"207\" height=\"208\" srcset=\"https:\/\/vald.si\/wp-content\/uploads\/2019\/02\/kogast-logo.png 224w, https:\/\/vald.si\/wp-content\/uploads\/2019\/02\/kogast-logo-150x150.png 150w\" sizes=\"(max-width: 207px) 100vw, 207px\" \/><\/figure><\/div>\n\n\n\n<h2 class=\"has-text-align-center wp-block-heading\"><strong><em>KOGAST<\/em><\/strong><\/h2>\n\n\n\n<p class=\"has-text-align-center\">Das Unternehmen KOGAST aus Grosuplje ist eines von bedeutenderen Unternehmen auf dem Gebiet der Produktion der Gastronomieausstattung in Slowenien. S\u00e4mtliche Gastronomieausstattung ist in \u00dcbereinstimmung mit den HACCP Richtlinien hergestellt und gem\u00e4\u00df den EN bzw. IEC Standards gepr\u00fcft. Als langj\u00e4hriger Gesch\u00e4ftspartner und der KOGAST Vertragskundendienstler bieten wir Ihnen die gesamte Palette der Ausstattung f\u00fcr Ihren Betrieb an.<\/p>\n\n\n\n<div style=\"height:100px\" aria-hidden=\"true\" class=\"wp-block-spacer\"><\/div>\n\n\n\n<div class=\"wp-block-image is-style-default\"><figure class=\"aligncenter size-large is-resized\"><img decoding=\"async\" loading=\"lazy\" src=\"https:\/\/vald.si\/wp-content\/uploads\/2019\/02\/kisspng-firex-srl-food-processing-business-logo-wok-logo-5b2f9ffc8e8608.0560982115298478045838.jpg\" alt=\"\" class=\"wp-image-354\" width=\"208\" height=\"208\" srcset=\"https:\/\/vald.si\/wp-content\/uploads\/2019\/02\/kisspng-firex-srl-food-processing-business-logo-wok-logo-5b2f9ffc8e8608.0560982115298478045838.jpg 850w, https:\/\/vald.si\/wp-content\/uploads\/2019\/02\/kisspng-firex-srl-food-processing-business-logo-wok-logo-5b2f9ffc8e8608.0560982115298478045838-150x150.jpg 150w, https:\/\/vald.si\/wp-content\/uploads\/2019\/02\/kisspng-firex-srl-food-processing-business-logo-wok-logo-5b2f9ffc8e8608.0560982115298478045838-300x300.jpg 300w, https:\/\/vald.si\/wp-content\/uploads\/2019\/02\/kisspng-firex-srl-food-processing-business-logo-wok-logo-5b2f9ffc8e8608.0560982115298478045838-768x768.jpg 768w\" sizes=\"(max-width: 208px) 100vw, 208px\" \/><\/figure><\/div>\n\n\n\n<h2 class=\"has-text-align-center wp-block-heading\"><strong><em>FIREX<\/em><\/strong><\/h2>\n\n\n\n<p class=\"has-text-align-center\">Im FIREX Angebot finden sich vor allem professionelle Produkte f\u00fcr die Nahrungszubereitung in gr\u00f6\u00dferen K\u00fcchen und in Lebensmittelindustrie. Darunter befinden sich: elektronische Kochkessel, Dampfkessel, Bratpfannen, Kippkochkessel, automatischen Friteusen, Sondermixer auf Anfrage\u2026 \u00dcberpr\u00fcfen Sie das Angebot.<\/p>\n\n\n\n<div style=\"height:100px\" aria-hidden=\"true\" class=\"wp-block-spacer\"><\/div>\n\n\n\n<div class=\"wp-block-image is-style-default\"><figure class=\"aligncenter size-large is-resized\"><img decoding=\"async\" loading=\"lazy\" src=\"https:\/\/vald.si\/wp-content\/uploads\/2019\/02\/girarrosti-cb-bottanuco-002.jpg\" alt=\"\" class=\"wp-image-353\" width=\"206\" height=\"206\" srcset=\"https:\/\/vald.si\/wp-content\/uploads\/2019\/02\/girarrosti-cb-bottanuco-002.jpg 250w, https:\/\/vald.si\/wp-content\/uploads\/2019\/02\/girarrosti-cb-bottanuco-002-150x150.jpg 150w\" sizes=\"(max-width: 206px) 100vw, 206px\" \/><\/figure><\/div>\n\n\n\n<h2 class=\"has-text-align-center wp-block-heading\"><strong><em>CB<\/em><\/strong><\/h2>\n\n\n\n<p class=\"has-text-align-center\">45 Jahre andauernder Evolution, unaufh\u00f6rlicher Entwicklung von neuen L\u00f6sungen, Optimierung von Produkten und Produktionsprozessen ohne Unterbruch. Dank dieser konstanten Suche nach Perfektion konnte CB in diesen Jahren die absolute Leadership in Italien und ihre Stellung unter den ersten drei wichtigsten Herstellern von H\u00e4hnchengrills, Elektro \u00d6fen und Grillger\u00e4ten in Europa erobern.<\/p>\n\n\n\n<div style=\"height:100px\" aria-hidden=\"true\" class=\"wp-block-spacer\"><\/div>\n\n\n\n<div class=\"wp-block-image is-style-default\"><figure class=\"aligncenter size-large is-resized\"><img decoding=\"async\" loading=\"lazy\" src=\"https:\/\/vald.si\/wp-content\/uploads\/2019\/02\/prenos.jpg\" alt=\"\" class=\"wp-image-358\" width=\"206\" height=\"206\" srcset=\"https:\/\/vald.si\/wp-content\/uploads\/2019\/02\/prenos.jpg 422w, https:\/\/vald.si\/wp-content\/uploads\/2019\/02\/prenos-150x150.jpg 150w, https:\/\/vald.si\/wp-content\/uploads\/2019\/02\/prenos-300x300.jpg 300w\" sizes=\"(max-width: 206px) 100vw, 206px\" \/><\/figure><\/div>\n\n\n\n<h2 class=\"has-text-align-center wp-block-heading\"><strong><em>VALKO<\/em><\/strong><\/h2>\n\n\n\n<p class=\"has-text-align-center\">VALKO plant und baut ein umfassendes Ger\u00e4teprogramm zum Verpacken von Lebensmitteln: professionelle Vakuummaschinen aus Edelstahl, Vakuum-Thermoschwei\u00dfger\u00e4te unter Schutzatmosph\u00e4re und Thermoschwei\u00dfger\u00e4te. Attraktiv sowohl f\u00fcr kleinere Restaurants, f\u00fcr Catering wie auch f\u00fcr gro\u00dfe Handelszentren mit Gastronomieangebot.<\/p>\n","protected":false},"excerpt":{"rendered":"<p>Wir vertreten folgende Unternehmen und WARENMARKEN: RATIONALRATIONAL AG Mit der Erfindung des Combi-D\u00e4mpfers 1976 hat RATIONAL die Gro\u00df- und Gewerbek\u00fcche von Grund auf ver\u00e4ndert. \u00dcber 450.000 RATIONAL Combi-D\u00e4mpfer im weltweiten Einsatz beweisen dies t\u00e4glich. Praktisch jedes zweite installierte Ger\u00e4t ist heute bereits ein RATIONAL. LINCAT LINCAT Ltd ist einer der weltweit f\u00fchrenden Hersteller von kommerzielle<\/p>\n<div><a class=\"btn-filled btn\" href=\"https:\/\/vald.si\/de\/zastopstvo\/\" title=\"HANDEL, VERTRIEB, VERTRETUNG\">Weiterlesen<\/a><\/div>\n","protected":false},"author":1,"featured_media":0,"parent":0,"menu_order":0,"comment_status":"closed","ping_status":"closed","template":"elementor_theme","meta":{"_mi_skip_tracking":false,"_monsterinsights_sitenote_active":false,"_monsterinsights_sitenote_note":"","_monsterinsights_sitenote_category":0,"footnotes":""},"aioseo_notices":[],"_links":{"self":[{"href":"https:\/\/vald.si\/de\/wp-json\/wp\/v2\/pages\/210"}],"collection":[{"href":"https:\/\/vald.si\/de\/wp-json\/wp\/v2\/pages"}],"about":[{"href":"https:\/\/vald.si\/de\/wp-json\/wp\/v2\/types\/page"}],"author":[{"embeddable":true,"href":"https:\/\/vald.si\/de\/wp-json\/wp\/v2\/users\/1"}],"replies":[{"embeddable":true,"href":"https:\/\/vald.si\/de\/wp-json\/wp\/v2\/comments?post=210"}],"version-history":[{"count":21,"href":"https:\/\/vald.si\/de\/wp-json\/wp\/v2\/pages\/210\/revisions"}],"predecessor-version":[{"id":941,"href":"https:\/\/vald.si\/de\/wp-json\/wp\/v2\/pages\/210\/revisions\/941"}],"wp:attachment":[{"href":"https:\/\/vald.si\/de\/wp-json\/wp\/v2\/media?parent=210"}],"curies":[{"name":"wp","href":"https:\/\/api.w.org\/{rel}","templated":true}]}}